{"id":38769,"date":"2025-04-14T07:37:32","date_gmt":"2025-04-14T06:37:32","guid":{"rendered":"https:\/\/asisted.org\/declaracio-daccessibilitat\/"},"modified":"2026-02-17T13:28:58","modified_gmt":"2026-02-17T12:28:58","slug":"declaracio-daccessibilitat","status":"publish","type":"page","link":"https:\/\/asisted.org\/ca\/declaracio-daccessibilitat\/","title":{"rendered":"Declaraci\u00f3 d&#8217;accessibilitat"},"content":{"rendered":"\t\t<div data-elementor-type=\"wp-page\" data-elementor-id=\"38769\" class=\"elementor elementor-38769 elementor-715\" data-elementor-post-type=\"page\">\n\t\t\t\t<div class=\"elementor-element elementor-element-7d110326 e-flex e-con-boxed e-con e-parent\" data-id=\"7d110326\" data-element_type=\"container\" data-e-type=\"container\">\n\t\t\t\t\t<div class=\"e-con-inner\">\n\t\t\t\t<div class=\"elementor-element elementor-element-d21238f elementor-widget elementor-widget-text-editor\" data-id=\"d21238f\" data-element_type=\"widget\" data-e-type=\"widget\" data-widget_type=\"text-editor.default\">\n\t\t\t\t\t\t\t\t\t\n<p>Declaraci\u00f3 d&#8217;accessibilitat per a www.asisted.com<\/p>\n<p>ASISTED es compromet a garantir l&#8217;accessibilitat digital per a les persones amb discapacitat. Millorem cont\u00ednuament l&#8217;experi\u00e8ncia d&#8217;usuari per a tothom i apliquem els est\u00e0ndards d&#8217;accessibilitat pertinents. <\/p>\n<h2>Estat de conformitat<\/h2>\n<p>Les Pautes d&#8217;Accessibilitat al Contingut Web (WCAG) defineixen els requisits que han de complir els dissenyadors i desenvolupadors per millorar l&#8217;accessibilitat per a les persones amb discapacitat. Defineixen tres nivells de conformitat: Nivell A, Nivell AA i Nivell AAA. <\/p>\n<p>ASISTED s&#8217;esfor\u00e7a constantment per millorar l&#8217;accessibilitat del seu lloc i els seus serveis, conven\u00e7uts que \u00e9s la nostra obligaci\u00f3 moral col\u00b7lectiva permetre un \u00fas fluid, accessible i sense obstacles per a les persones amb discapacitat.<\/p>\n<p>El nostre objectiu \u00e9s que totes les p\u00e0gines i el contingut de www.asisted.com siguin accessibles, per\u00f2 \u00e9s possible que alguns continguts encara no compleixin plenament amb els est\u00e0ndards d&#8217;accessibilitat m\u00e9s exigents. Aix\u00f2 podria deure&#8217;s a dificultats per identificar la soluci\u00f3 tecnol\u00f2gica m\u00e9s adequada. <\/p>\n<p>Podem revisar aquesta Declaraci\u00f3 peri\u00f2dicament per reflectir millores o canvis en les nostres pr\u00e0ctiques d&#8217;accessibilitat.<\/p>\n<h2>Suggeriments<\/h2>\n<p>Agra\u00efm els vostres comentaris sobre l&#8217;accessibilitat del lloc web d&#8217;ASISTED. Si us plau, informeu-nos si trobeu alguna barrera d&#8217;accessibilitat al nostre lloc web: <\/p>\n<p>Correu electr\u00f2nic: asisted@asisted.com<\/p>\n<p>Intentem respondre als vostres comentaris en un termini de 3 a 5 dies h\u00e0bils.<\/p>\n<p>Aquesta declaraci\u00f3 es va crear el 18\/9\/2025.<\/p>\n\t\t\t\t\t\t\t\t<\/div>\n\t\t\t\t\t<\/div>\n\t\t\t\t<\/div>\n\t\t\t\t<\/div>\n\t\t","protected":false},"excerpt":{"rendered":"<p>Declaraci\u00f3 d&#8217;accessibilitat per a www.asisted.com ASISTED es compromet a garantir l&#8217;accessibilitat digital per a les persones amb discapacitat. Millorem cont\u00ednuament l&#8217;experi\u00e8ncia d&#8217;usuari per a tothom i apliquem els est\u00e0ndards d&#8217;accessibilitat pertinents. Estat de conformitat Les Pautes d&#8217;Accessibilitat al Contingut Web (WCAG) defineixen els requisits que han de complir els dissenyadors i desenvolupadors per millorar l&#8217;accessibilitat [&hellip;]<\/p>\n","protected":false},"author":4,"featured_media":0,"parent":0,"menu_order":0,"comment_status":"closed","ping_status":"closed","template":"","meta":{"_acf_changed":false,"footnotes":""},"class_list":["post-38769","page","type-page","status-publish","hentry"],"acf":[],"_links":{"self":[{"href":"https:\/\/asisted.org\/ca\/wp-json\/wp\/v2\/pages\/38769","targetHints":{"allow":["GET"]}}],"collection":[{"href":"https:\/\/asisted.org\/ca\/wp-json\/wp\/v2\/pages"}],"about":[{"href":"https:\/\/asisted.org\/ca\/wp-json\/wp\/v2\/types\/page"}],"author":[{"embeddable":true,"href":"https:\/\/asisted.org\/ca\/wp-json\/wp\/v2\/users\/4"}],"replies":[{"embeddable":true,"href":"https:\/\/asisted.org\/ca\/wp-json\/wp\/v2\/comments?post=38769"}],"version-history":[{"count":35,"href":"https:\/\/asisted.org\/ca\/wp-json\/wp\/v2\/pages\/38769\/revisions"}],"predecessor-version":[{"id":39652,"href":"https:\/\/asisted.org\/ca\/wp-json\/wp\/v2\/pages\/38769\/revisions\/39652"}],"wp:attachment":[{"href":"https:\/\/asisted.org\/ca\/wp-json\/wp\/v2\/media?parent=38769"}],"curies":[{"name":"wp","href":"https:\/\/api.w.org\/{rel}","templated":true}]}}