{"id":38660,"date":"2025-07-31T07:24:11","date_gmt":"2025-07-31T06:24:11","guid":{"rendered":"https:\/\/asisted.org\/contacte\/"},"modified":"2026-01-15T08:30:41","modified_gmt":"2026-01-15T07:30:41","slug":"contacte","status":"publish","type":"page","link":"https:\/\/asisted.org\/ca\/contacte\/","title":{"rendered":"Contacte"},"content":{"rendered":"\t\t<div data-elementor-type=\"wp-page\" data-elementor-id=\"38660\" class=\"elementor elementor-38660 elementor-36867\" data-elementor-post-type=\"page\">\n\t\t\t\t<div class=\"elementor-element elementor-element-51f4955 e-flex e-con-boxed e-con e-parent\" data-id=\"51f4955\" data-element_type=\"container\" data-e-type=\"container\">\n\t\t\t\t\t<div class=\"e-con-inner\">\n\t\t<div class=\"elementor-element elementor-element-89064fb e-con-full e-flex e-con e-child\" data-id=\"89064fb\" data-element_type=\"container\" data-e-type=\"container\">\n\t\t\t\t<div class=\"elementor-element elementor-element-fbcfe1d elementor-invisible elementor-widget elementor-widget-heading\" data-id=\"fbcfe1d\" data-element_type=\"widget\" data-e-type=\"widget\" data-settings=\"{&quot;_animation&quot;:&quot;fadeIn&quot;}\" data-widget_type=\"heading.default\">\n\t\t\t\t\t<h1 class=\"elementor-heading-title elementor-size-default\">Contacte<\/h1>\t\t\t\t<\/div>\n\t\t\t\t<div class=\"elementor-element elementor-element-07774d3 elementor-invisible elementor-widget elementor-widget-text-editor\" data-id=\"07774d3\" data-element_type=\"widget\" data-e-type=\"widget\" data-settings=\"{&quot;_animation&quot;:&quot;fadeIn&quot;}\" data-widget_type=\"text-editor.default\">\n\t\t\t\t\t\t\t\t\t<div class=\"TypographyPresentation TypographyPresentation--medium RichText3-paragraph--withVSpacingNormal RichText3-paragraph HighlightSol HighlightSol--buildingBlock\"><p>Si vols m\u00e9s informaci\u00f3 sobre els nostres <strong>serveis assistencials<\/strong>, resoldre dubtes o sol\u00b7licitar una valoraci\u00f3 inicial, som aqu\u00ed per escoltar-te.<\/p><p>Pots omplir el formulari i el nostre equip es posar\u00e0 en contacte amb tu tan aviat com sigui possible.<\/p><p>El nostre comprom\u00eds \u00e9s acompanyar-te, donar-te respostes clares i orientar-te cap a la millor soluci\u00f3 per a tu o el teu entorn.<\/p><p>Parlem. Estem <strong>compromesos amb la teva cura.<\/strong><\/p><\/div>\t\t\t\t\t\t\t\t<\/div>\n\t\t\t\t<\/div>\n\t\t<div class=\"elementor-element elementor-element-18f56b8 e-con-full e-flex e-con e-child\" data-id=\"18f56b8\" data-element_type=\"container\" data-e-type=\"container\" data-settings=\"{&quot;background_background&quot;:&quot;classic&quot;}\">\n\t\t\t\t<div class=\"elementor-element elementor-element-6f454b4 elementor-button-align-stretch elementor-widget elementor-widget-global elementor-global-38783 elementor-global-37556 elementor-widget-form\" data-id=\"6f454b4\" data-element_type=\"widget\" data-e-type=\"widget\" data-settings=\"{&quot;step_next_label&quot;:&quot;Seg\\u00fcent&quot;,&quot;step_previous_label&quot;:&quot;Anterior&quot;,&quot;button_width&quot;:&quot;100&quot;,&quot;step_type&quot;:&quot;number_text&quot;,&quot;step_icon_shape&quot;:&quot;circle&quot;}\" data-widget_type=\"form.default\">\n\t\t\t\t\t<template id=\"cfef_logic_data_6f454b4\" class=\"cfef_logic_data_js\" data-form-id=\"6f454b4\">{&quot;field_ce6261b&quot;:{&quot;display_mode&quot;:&quot;show&quot;,&quot;fire_action&quot;:&quot;All&quot;,&quot;file_types&quot;:&quot;png&quot;,&quot;logic_data&quot;:[{&quot;cfef_logic_field_id&quot;:&quot;field_c09c8ef&quot;,&quot;cfef_logic_field_is&quot;:&quot;!=&quot;,&quot;cfef_logic_compare_value&quot;:&quot; &quot;,&quot;_id&quot;:&quot;6b0f40f&quot;}]},&quot;field_7af017b&quot;:{&quot;display_mode&quot;:&quot;show&quot;,&quot;fire_action&quot;:&quot;All&quot;,&quot;file_types&quot;:&quot;png&quot;,&quot;logic_data&quot;:[{&quot;cfef_logic_field_id&quot;:&quot;field_c09c8ef&quot;,&quot;cfef_logic_field_is&quot;:&quot;!=&quot;,&quot;cfef_logic_compare_value&quot;:&quot;Otros&quot;,&quot;_id&quot;:&quot;2957ee3&quot;}]},&quot;field_5d7a5f1&quot;:{&quot;display_mode&quot;:&quot;show&quot;,&quot;fire_action&quot;:&quot;All&quot;,&quot;file_types&quot;:&quot;png&quot;,&quot;logic_data&quot;:[{&quot;cfef_logic_field_id&quot;:&quot;field_c09c8ef&quot;,&quot;cfef_logic_field_is&quot;:&quot;!=&quot;,&quot;cfef_logic_compare_value&quot;:&quot;Otros&quot;,&quot;_id&quot;:&quot;2957ee3&quot;}]},&quot;field_bfc6c17&quot;:{&quot;display_mode&quot;:&quot;show&quot;,&quot;fire_action&quot;:&quot;All&quot;,&quot;file_types&quot;:&quot;png&quot;,&quot;logic_data&quot;:[{&quot;cfef_logic_field_id&quot;:&quot;field_c09c8ef&quot;,&quot;cfef_logic_field_is&quot;:&quot;!=&quot;,&quot;cfef_logic_compare_value&quot;:&quot;Otros&quot;,&quot;_id&quot;:&quot;a2c2056&quot;}]},&quot;field_4d29324&quot;:{&quot;display_mode&quot;:&quot;show&quot;,&quot;fire_action&quot;:&quot;All&quot;,&quot;file_types&quot;:&quot;png&quot;,&quot;logic_data&quot;:[{&quot;cfef_logic_field_id&quot;:&quot;field_c09c8ef&quot;,&quot;cfef_logic_field_is&quot;:&quot;==&quot;,&quot;cfef_logic_compare_value&quot;:&quot;Otros&quot;,&quot;_id&quot;:&quot;a2c2056&quot;}]}}<\/template>\t\t<form class=\"elementor-form\" method=\"post\" name=\"Gen\u00e8ric\" aria-label=\"Gen\u00e8ric\">\n\t\t\t<input type=\"hidden\" name=\"post_id\" value=\"38660\"\/>\n\t\t\t<input type=\"hidden\" name=\"form_id\" value=\"6f454b4\"\/>\n\t\t\t<input type=\"hidden\" name=\"referer_title\" value=\"\" \/>\n\n\t\t\t\n\t\t\t<div class=\"elementor-form-fields-wrapper elementor-labels-above\">\n\t\t\t\t\t\t\t\t<div class=\"elementor-field-type-text elementor-field-group elementor-column elementor-field-group-name elementor-col-50 elementor-field-required\">\n\t\t\t\t\t\t\t\t\t\t\t\t<label for=\"form-field-name\" class=\"elementor-field-label\">\n\t\t\t\t\t\t\t\tNom\t\t\t\t\t\t\t<\/label>\n\t\t\t\t\t\t\t\t\t\t\t\t\t\t<input size=\"1\" type=\"text\" name=\"form_fields[name]\" id=\"form-field-name\" class=\"elementor-field elementor-size-md  elementor-field-textual\" placeholder=\"Nom\" required=\"required\">\n\t\t\t\t\t\t\t\t\t\t\t<\/div>\n\t\t\t\t\t\t\t\t<div class=\"elementor-field-type-text elementor-field-group elementor-column elementor-field-group-field_11fdd6c elementor-col-50 elementor-field-required\">\n\t\t\t\t\t\t\t\t\t\t\t\t<label for=\"form-field-field_11fdd6c\" class=\"elementor-field-label\">\n\t\t\t\t\t\t\t\tCognoms\t\t\t\t\t\t\t<\/label>\n\t\t\t\t\t\t\t\t\t\t\t\t\t\t<input size=\"1\" type=\"text\" name=\"form_fields[field_11fdd6c]\" id=\"form-field-field_11fdd6c\" class=\"elementor-field elementor-size-md  elementor-field-textual\" placeholder=\"Cognoms\" required=\"required\">\n\t\t\t\t\t\t\t\t\t\t\t<\/div>\n\t\t\t\t\t\t\t\t<div class=\"elementor-field-type-email elementor-field-group elementor-column elementor-field-group-email elementor-col-50 elementor-field-required\">\n\t\t\t\t\t\t\t\t\t\t\t\t<label for=\"form-field-email\" class=\"elementor-field-label\">\n\t\t\t\t\t\t\t\tCorreu electr\u00f2nic\t\t\t\t\t\t\t<\/label>\n\t\t\t\t\t\t\t\t\t\t\t\t\t\t<input size=\"1\" type=\"email\" name=\"form_fields[email]\" id=\"form-field-email\" class=\"elementor-field elementor-size-md  elementor-field-textual\" placeholder=\"correu@electr\u00f2nic.com\" required=\"required\">\n\t\t\t\t\t\t\t\t\t\t\t<\/div>\n\t\t\t\t\t\t\t\t<div class=\"elementor-field-type-tel elementor-field-group elementor-column elementor-field-group-field_e77be18 elementor-col-50 elementor-field-required\">\n\t\t\t\t\t\t\t\t\t\t\t\t<label for=\"form-field-field_e77be18\" class=\"elementor-field-label\">\n\t\t\t\t\t\t\t\tTel\u00e8fon\t\t\t\t\t\t\t<\/label>\n\t\t\t\t\t\t\t\t<input size=\"1\" type=\"tel\" name=\"form_fields[field_e77be18]\" id=\"form-field-field_e77be18\" class=\"elementor-field elementor-size-md  elementor-field-textual\" placeholder=\"000000000\" required=\"required\" pattern=\"[0-9()#&amp;+*-=.]+\" title=\"Only numbers and phone characters (#, -, *, etc) are accepted.\">\n\n\t\t\t\t\t\t<\/div>\n\t\t\t\t\t\t\t\t<div class=\"elementor-field-type-select elementor-field-group elementor-column elementor-field-group-field_c09c8ef elementor-col-66 elementor-field-required\">\n\t\t\t\t\t\t\t\t\t\t\t\t<label for=\"form-field-field_c09c8ef\" class=\"elementor-field-label\">\n\t\t\t\t\t\t\t\tEn qu\u00e8 et podem ajudar?\t\t\t\t\t\t\t<\/label>\n\t\t\t\t\t\t\t\t<div class=\"elementor-field elementor-select-wrapper remove-before \">\n\t\t\t<div class=\"select-caret-down-wrapper\">\n\t\t\t\t<svg aria-hidden=\"true\" class=\"e-font-icon-svg e-eicon-caret-down\" viewBox=\"0 0 571.4 571.4\" xmlns=\"http:\/\/www.w3.org\/2000\/svg\"><path d=\"M571 393Q571 407 561 418L311 668Q300 679 286 679T261 668L11 418Q0 407 0 393T11 368 36 357H536Q550 357 561 368T571 393Z\"><\/path><\/svg>\t\t\t<\/div>\n\t\t\t<select name=\"form_fields[field_c09c8ef]\" id=\"form-field-field_c09c8ef\" class=\"elementor-field-textual elementor-size-md\" required=\"required\">\n\t\t\t\t\t\t\t\t\t<option value=\"\">Selecciona una opci\u00f3 <\/option>\n\t\t\t\t\t\t\t\t\t<option value=\"Necessito assist\u00e8ncia\">Necessito assist\u00e8ncia<\/option>\n\t\t\t\t\t\t\t\t\t<option value=\"Tinc un familiar que necessita assist\u00e8ncia\">Tinc un familiar que necessita assist\u00e8ncia<\/option>\n\t\t\t\t\t\t\t\t\t<option value=\"Altres\">Altres<\/option>\n\t\t\t\t\t\t\t<\/select>\n\t\t<\/div>\n\t\t\t\t\t\t<\/div>\n\t\t\t\t\t\t\t\t<div class=\"elementor-field-type-html elementor-field-group elementor-column elementor-field-group-field_56a93b1 elementor-col-33\">\n\t\t\t\t\t<a href=\"https:\/\/asisted.org\/ca\/treballa-amb-nosaltres\/\" target=\"_blank\" class=\"btntrabaja\">Vols treballar amb nosaltres?<\/a>\t\t\t\t<\/div>\n\t\t\t\t\t\t\t\t<div class=\"elementor-field-type-number elementor-field-group elementor-column elementor-field-group-field_ce6261b elementor-col-100 elementor-field-required\">\n\t\t\t\t\t\t\t\t\t\t\t\t<label for=\"form-field-field_ce6261b\" class=\"elementor-field-label\">\n\t\t\t\t\t\t\t\tCodi postal on es prestar\u00e0 l\u2019assist\u00e8ncia\t\t\t\t\t\t\t<\/label>\n\t\t\t\t\t\t\t\t\t<input type=\"number\" name=\"form_fields[field_ce6261b]\" id=\"form-field-field_ce6261b\" class=\"elementor-field elementor-size-md  elementor-field-textual\" placeholder=\"08000\" required=\"required\" min=\"\" max=\"99999\" >\n\t\t\t\t\t\t<\/div>\n\t\t\t\t\t\t\t\t<div class=\"elementor-field-type-checkbox elementor-field-group elementor-column elementor-field-group-field_7af017b elementor-col-100\">\n\t\t\t\t\t\t\t\t\t\t\t\t<label for=\"form-field-field_7af017b\" class=\"elementor-field-label\">\n\t\t\t\t\t\t\t\tQuin dia prefereixes que et truquem?\t\t\t\t\t\t\t<\/label>\n\t\t\t\t\t\t<div class=\"elementor-field-subgroup  elementor-subgroup-inline\"><span class=\"elementor-field-option\"><input type=\"checkbox\" value=\"Dilluns\" id=\"form-field-field_7af017b-0\" name=\"form_fields[field_7af017b][]\"> <label for=\"form-field-field_7af017b-0\">Dilluns<\/label><\/span><span class=\"elementor-field-option\"><input type=\"checkbox\" value=\"Dimarts\" id=\"form-field-field_7af017b-1\" name=\"form_fields[field_7af017b][]\"> <label for=\"form-field-field_7af017b-1\">Dimarts<\/label><\/span><span class=\"elementor-field-option\"><input type=\"checkbox\" value=\"Dimecres\" id=\"form-field-field_7af017b-2\" name=\"form_fields[field_7af017b][]\"> <label for=\"form-field-field_7af017b-2\">Dimecres<\/label><\/span><span class=\"elementor-field-option\"><input type=\"checkbox\" value=\"Dijous\" id=\"form-field-field_7af017b-3\" name=\"form_fields[field_7af017b][]\"> <label for=\"form-field-field_7af017b-3\">Dijous<\/label><\/span><span class=\"elementor-field-option\"><input type=\"checkbox\" value=\"Divendres\" id=\"form-field-field_7af017b-4\" name=\"form_fields[field_7af017b][]\"> <label for=\"form-field-field_7af017b-4\">Divendres<\/label><\/span><\/div>\t\t\t\t<\/div>\n\t\t\t\t\t\t\t\t<div class=\"elementor-field-type-checkbox elementor-field-group elementor-column elementor-field-group-field_5d7a5f1 elementor-col-100\">\n\t\t\t\t\t\t\t\t\t\t\t\t<label for=\"form-field-field_5d7a5f1\" class=\"elementor-field-label\">\n\t\t\t\t\t\t\t\tA quina\/es hora\/es et podem trucar?\t\t\t\t\t\t\t<\/label>\n\t\t\t\t\t\t<div class=\"elementor-field-subgroup  elementor-subgroup-inline\"><span class=\"elementor-field-option\"><input type=\"checkbox\" value=\"9:00h - 10:00h\" id=\"form-field-field_5d7a5f1-0\" name=\"form_fields[field_5d7a5f1][]\"> <label for=\"form-field-field_5d7a5f1-0\">9:00h - 10:00h<\/label><\/span><span class=\"elementor-field-option\"><input type=\"checkbox\" value=\"10:00h - 11:00h\" id=\"form-field-field_5d7a5f1-1\" name=\"form_fields[field_5d7a5f1][]\"> <label for=\"form-field-field_5d7a5f1-1\">10:00h - 11:00h<\/label><\/span><span class=\"elementor-field-option\"><input type=\"checkbox\" value=\"11:00h - 12:00h\" id=\"form-field-field_5d7a5f1-2\" name=\"form_fields[field_5d7a5f1][]\"> <label for=\"form-field-field_5d7a5f1-2\">11:00h - 12:00h<\/label><\/span><span class=\"elementor-field-option\"><input type=\"checkbox\" value=\"12:00h - 13:00h\" id=\"form-field-field_5d7a5f1-3\" name=\"form_fields[field_5d7a5f1][]\"> <label for=\"form-field-field_5d7a5f1-3\">12:00h - 13:00h<\/label><\/span><span class=\"elementor-field-option\"><input type=\"checkbox\" value=\"13:00h - 14:00h\" id=\"form-field-field_5d7a5f1-4\" name=\"form_fields[field_5d7a5f1][]\"> <label for=\"form-field-field_5d7a5f1-4\">13:00h - 14:00h<\/label><\/span><span class=\"elementor-field-option\"><input type=\"checkbox\" value=\"15:00h - 16:00h\" id=\"form-field-field_5d7a5f1-5\" name=\"form_fields[field_5d7a5f1][]\"> <label for=\"form-field-field_5d7a5f1-5\">15:00h - 16:00h<\/label><\/span><span class=\"elementor-field-option\"><input type=\"checkbox\" value=\"16:00h - 17:00h\" id=\"form-field-field_5d7a5f1-6\" name=\"form_fields[field_5d7a5f1][]\"> <label for=\"form-field-field_5d7a5f1-6\">16:00h - 17:00h<\/label><\/span><span class=\"elementor-field-option\"><input type=\"checkbox\" value=\"17:00h - 18:00h\" id=\"form-field-field_5d7a5f1-7\" name=\"form_fields[field_5d7a5f1][]\"> <label for=\"form-field-field_5d7a5f1-7\">17:00h - 18:00h<\/label><\/span><span class=\"elementor-field-option\"><input type=\"checkbox\" value=\"18:00h - 19:00h\" id=\"form-field-field_5d7a5f1-8\" name=\"form_fields[field_5d7a5f1][]\"> <label for=\"form-field-field_5d7a5f1-8\">18:00h - 19:00h<\/label><\/span><\/div>\t\t\t\t<\/div>\n\t\t\t\t\t\t\t\t<div class=\"elementor-field-type-textarea elementor-field-group elementor-column elementor-field-group-field_bfc6c17 elementor-col-100\">\n\t\t\t\t\t\t\t\t\t\t\t\t<label for=\"form-field-field_bfc6c17\" class=\"elementor-field-label\">\n\t\t\t\t\t\t\t\tM\u00e9s informaci\u00f3\t\t\t\t\t\t\t<\/label>\n\t\t\t\t\t\t<textarea class=\"elementor-field-textual elementor-field  elementor-size-md\" name=\"form_fields[field_bfc6c17]\" id=\"form-field-field_bfc6c17\" rows=\"4\" placeholder=\"Afegeix m\u00e9s informaci\u00f3 sobre el teu cas per poder ajudar-te millor.\"><\/textarea>\t\t\t\t<\/div>\n\t\t\t\t\t\t\t\t<div class=\"elementor-field-type-textarea elementor-field-group elementor-column elementor-field-group-field_4d29324 elementor-col-100\">\n\t\t\t\t\t\t\t\t\t\t\t\t<label for=\"form-field-field_4d29324\" class=\"elementor-field-label\">\n\t\t\t\t\t\t\t\tExplica\u2019ns en qu\u00e8 et podem ajudar\t\t\t\t\t\t\t<\/label>\n\t\t\t\t\t\t<textarea class=\"elementor-field-textual elementor-field  elementor-size-md\" name=\"form_fields[field_4d29324]\" id=\"form-field-field_4d29324\" rows=\"4\" placeholder=\"Afegeix m\u00e9s informaci\u00f3 sobre el teu cas per poder ajudar-te millor.\"><\/textarea>\t\t\t\t<\/div>\n\t\t\t\t\t\t\t\t<div class=\"elementor-field-type-acceptance elementor-field-group elementor-column elementor-field-group-field_f02b654 elementor-col-100 elementor-field-required\">\n\t\t\t\t\t\t\t\t\t\t\t\t<label for=\"form-field-field_f02b654\" class=\"elementor-field-label\">\n\t\t\t\t\t\t\t\tPol\u00edtica de privacitat\t\t\t\t\t\t\t<\/label>\n\t\t\t\t\t\t\t\t<div class=\"elementor-field-subgroup\">\n\t\t\t<span class=\"elementor-field-option\">\n\t\t\t\t<input type=\"checkbox\" name=\"form_fields[field_f02b654]\" id=\"form-field-field_f02b654\" class=\"elementor-field elementor-size-md  elementor-acceptance-field\" required=\"required\">\n\t\t\t\t<label for=\"form-field-field_f02b654\">He llegit i accepto la <a href=\"https:\/\/asisted.org\/ca\/politica-de-privacitat\/\" target=\"_blank\">pol\u00edtica de privacitat.<\/a><\/label>\t\t\t<\/span>\n\t\t<\/div>\n\t\t\t\t\t\t<\/div>\n\t\t\t\t\t\t\t\t<div class=\"elementor-field-type-acceptance elementor-field-group elementor-column elementor-field-group-field_83cb4ed elementor-col-100\">\n\t\t\t\t\t\t\t\t\t\t\t\t<label for=\"form-field-field_83cb4ed\" class=\"elementor-field-label\">\n\t\t\t\t\t\t\t\tNewsletter\t\t\t\t\t\t\t<\/label>\n\t\t\t\t\t\t\t\t<div class=\"elementor-field-subgroup\">\n\t\t\t<span class=\"elementor-field-option\">\n\t\t\t\t<input type=\"checkbox\" name=\"form_fields[field_83cb4ed]\" id=\"form-field-field_83cb4ed\" class=\"elementor-field elementor-size-md  elementor-acceptance-field\">\n\t\t\t\t<label for=\"form-field-field_83cb4ed\">Vull rebre el newsletter mensual d\u2019ASISTED<\/label>\t\t\t<\/span>\n\t\t<\/div>\n\t\t\t\t\t\t<\/div>\n\t\t\t\t\t\t\t\t<div class=\"elementor-field-type-hidden elementor-field-group elementor-column elementor-field-group-field_bd7c415 elementor-col-100\">\n\t\t\t\t\t\t\t\t\t\t\t\t\t<input size=\"1\" type=\"hidden\" name=\"form_fields[field_bd7c415]\" id=\"form-field-field_bd7c415\" class=\"elementor-field elementor-size-md  elementor-field-textual\" value=\"Contacte\">\n\t\t\t\t\t\t\t\t\t\t\t<\/div>\n\t\t\t\t\t\t\t\t<div class=\"elementor-field-type-recaptcha_v3 elementor-field-group elementor-column elementor-field-group-field_37eb6b1 elementor-col-100 recaptcha_v3-bottomleft\">\n\t\t\t\t\t<div class=\"elementor-field\" id=\"form-field-field_37eb6b1\"><div class=\"elementor-g-recaptcha\" data-sitekey=\"6LfOQOErAAAAADXqHRxAG_xNI5e9pj77lEl0Rz3T\" data-type=\"v3\" data-action=\"Form\" data-badge=\"bottomleft\" data-size=\"invisible\"><\/div><\/div>\t\t\t\t<\/div>\n\t\t\t\t\t\t\t\t<div class=\"elementor-field-group elementor-column elementor-field-type-submit elementor-col-100 e-form__buttons\">\n\t\t\t\t\t<button class=\"elementor-button elementor-size-sm\" type=\"submit\">\n\t\t\t\t\t\t<span class=\"elementor-button-content-wrapper\">\n\t\t\t\t\t\t\t\t\t\t\t\t\t\t\t\t\t\t\t\t\t\t<span class=\"elementor-button-text\">Enviar<\/span>\n\t\t\t\t\t\t\t\t\t\t\t\t\t<\/span>\n\t\t\t\t\t<\/button>\n\t\t\t\t<\/div>\n\t\t\t<\/div>\n\t\t<\/form>\n\t\t\t\t\t\t<\/div>\n\t\t\t\t<\/div>\n\t\t\t\t\t<\/div>\n\t\t\t\t<\/div>\n\t\t\t\t<\/div>\n\t\t","protected":false},"excerpt":{"rendered":"<p>Contacte Si vols m\u00e9s informaci\u00f3 sobre els nostres serveis assistencials, resoldre dubtes o sol\u00b7licitar una valoraci\u00f3 inicial, som aqu\u00ed per escoltar-te. Pots omplir el formulari i el nostre equip es posar\u00e0 en contacte amb tu tan aviat com sigui possible. El nostre comprom\u00eds \u00e9s acompanyar-te, donar-te respostes clares i orientar-te cap a la millor soluci\u00f3 [&hellip;]<\/p>\n","protected":false},"author":4,"featured_media":0,"parent":0,"menu_order":0,"comment_status":"closed","ping_status":"closed","template":"","meta":{"_acf_changed":false,"footnotes":""},"class_list":["post-38660","page","type-page","status-publish","hentry"],"acf":[],"_links":{"self":[{"href":"https:\/\/asisted.org\/ca\/wp-json\/wp\/v2\/pages\/38660","targetHints":{"allow":["GET"]}}],"collection":[{"href":"https:\/\/asisted.org\/ca\/wp-json\/wp\/v2\/pages"}],"about":[{"href":"https:\/\/asisted.org\/ca\/wp-json\/wp\/v2\/types\/page"}],"author":[{"embeddable":true,"href":"https:\/\/asisted.org\/ca\/wp-json\/wp\/v2\/users\/4"}],"replies":[{"embeddable":true,"href":"https:\/\/asisted.org\/ca\/wp-json\/wp\/v2\/comments?post=38660"}],"version-history":[{"count":5,"href":"https:\/\/asisted.org\/ca\/wp-json\/wp\/v2\/pages\/38660\/revisions"}],"predecessor-version":[{"id":39083,"href":"https:\/\/asisted.org\/ca\/wp-json\/wp\/v2\/pages\/38660\/revisions\/39083"}],"wp:attachment":[{"href":"https:\/\/asisted.org\/ca\/wp-json\/wp\/v2\/media?parent=38660"}],"curies":[{"name":"wp","href":"https:\/\/api.w.org\/{rel}","templated":true}]}}